{"id":337,"date":"2020-11-10T16:17:55","date_gmt":"2020-11-10T15:17:55","guid":{"rendered":"https:\/\/www.lifesuperhero.eu\/problema-affrontato\/"},"modified":"2020-11-10T16:17:58","modified_gmt":"2020-11-10T15:17:58","slug":"problema-affrontato","status":"publish","type":"page","link":"https:\/\/www.lifesuperhero.eu\/it\/problema-affrontato\/","title":{"rendered":"PROBLEMA AFFRONTATO"},"content":{"rendered":"<p><div class=\"fusion-fullwidth fullwidth-box fusion-builder-row-1 fusion-flex-container fusion-parallax-none hundred-percent-fullwidth non-hundred-percent-height-scrolling\" style=\"--awb-background-blend-mode:darken;--awb-border-radius-top-left:0px;--awb-border-radius-top-right:0px;--awb-border-radius-bottom-right:0px;--awb-border-radius-bottom-left:0px;--awb-background-color:rgba(0,0,0,0.5);--awb-background-image:url(&quot;https:\/\/www.lifesuperhero.eu\/wp-content\/uploads\/2020\/08\/roofs-life-superhero.jpg&quot;);--awb-background-size:cover;--awb-flex-wrap:wrap;\" ><div class=\"fusion-builder-row fusion-row fusion-flex-align-items-flex-start fusion-flex-content-wrap\" style=\"width:104% !important;max-width:104% !important;margin-left: calc(-4% \/ 2 );margin-right: calc(-4% \/ 2 );\"><div class=\"fusion-layout-column fusion_builder_column fusion-builder-column-0 fusion_builder_column_1_1 1_1 fusion-flex-column\" style=\"--awb-bg-size:cover;--awb-width-large:100%;--awb-margin-top-large:0px;--awb-spacing-right-large:1.92%;--awb-margin-bottom-large:20px;--awb-spacing-left-large:1.92%;--awb-width-medium:100%;--awb-order-medium:0;--awb-spacing-right-medium:1.92%;--awb-spacing-left-medium:1.92%;--awb-width-small:100%;--awb-order-small:0;--awb-spacing-right-small:1.92%;--awb-spacing-left-small:1.92%;\"><div class=\"fusion-column-wrapper fusion-column-has-shadow fusion-flex-justify-content-flex-start fusion-content-layout-column\"><div class=\"fusion-separator fusion-full-width-sep\" style=\"align-self: center;margin-left: auto;margin-right: auto;margin-top:50px;margin-bottom:20px;width:100%;\"><\/div><div class=\"fusion-title title fusion-title-1 fusion-title-text fusion-title-size-one\" style=\"--awb-text-color:#ffffff;--awb-margin-top-small:10px;--awb-margin-right-small:0px;--awb-margin-bottom-small:10px;--awb-margin-left-small:0px;--awb-sep-color:#ffffff;\"><div class=\"title-sep-container title-sep-container-left fusion-no-large-visibility fusion-no-medium-visibility fusion-no-small-visibility\"><div class=\"title-sep sep-double sep-dashed\" style=\"border-color:#ffffff;\"><\/div><\/div><span class=\"awb-title-spacer fusion-no-large-visibility fusion-no-medium-visibility fusion-no-small-visibility\"><\/span><h1 class=\"fusion-title-heading title-heading-left\" style=\"margin:0;\">PROBLEMA AFFRONTATO<\/h1><span class=\"awb-title-spacer\"><\/span><div class=\"title-sep-container title-sep-container-right\"><div class=\"title-sep sep-double sep-dashed\" style=\"border-color:#ffffff;\"><\/div><\/div><\/div><div class=\"fusion-separator fusion-full-width-sep\" style=\"align-self: center;margin-left: auto;margin-right: auto;margin-top:50px;margin-bottom:20px;width:100%;\"><\/div><\/div><\/div><\/div><\/div><div class=\"fusion-fullwidth fullwidth-box fusion-builder-row-2 fusion-flex-container nonhundred-percent-fullwidth non-hundred-percent-height-scrolling\" style=\"--awb-border-radius-top-left:0px;--awb-border-radius-top-right:0px;--awb-border-radius-bottom-right:0px;--awb-border-radius-bottom-left:0px;--awb-flex-wrap:wrap;\" ><div class=\"fusion-builder-row fusion-row fusion-flex-align-items-flex-start fusion-flex-content-wrap\" style=\"max-width:1248px;margin-left: calc(-4% \/ 2 );margin-right: calc(-4% \/ 2 );\"><div class=\"fusion-layout-column fusion_builder_column fusion-builder-column-1 fusion_builder_column_1_1 1_1 fusion-flex-column\" style=\"--awb-bg-size:cover;--awb-width-large:100%;--awb-margin-top-large:0px;--awb-spacing-right-large:1.92%;--awb-margin-bottom-large:20px;--awb-spacing-left-large:1.92%;--awb-width-medium:100%;--awb-order-medium:0;--awb-spacing-right-medium:1.92%;--awb-spacing-left-medium:1.92%;--awb-width-small:100%;--awb-order-small:0;--awb-spacing-right-small:1.92%;--awb-spacing-left-small:1.92%;\"><div class=\"fusion-column-wrapper fusion-column-has-shadow fusion-flex-justify-content-flex-start fusion-content-layout-column\"><div class=\"fusion-separator fusion-full-width-sep\" style=\"align-self: center;margin-left: auto;margin-right: auto;margin-top:50px;margin-bottom:20px;width:100%;\"><\/div><\/div><\/div><\/div><\/div><div class=\"fusion-fullwidth fullwidth-box fusion-builder-row-3 fusion-flex-container nonhundred-percent-fullwidth non-hundred-percent-height-scrolling\" style=\"--awb-border-radius-top-left:0px;--awb-border-radius-top-right:0px;--awb-border-radius-bottom-right:0px;--awb-border-radius-bottom-left:0px;--awb-flex-wrap:wrap;\" ><div class=\"fusion-builder-row fusion-row fusion-flex-align-items-flex-start fusion-flex-content-wrap\" style=\"max-width:1248px;margin-left: calc(-4% \/ 2 );margin-right: calc(-4% \/ 2 );\"><div class=\"fusion-layout-column fusion_builder_column fusion-builder-column-2 fusion_builder_column_1_2 1_2 fusion-flex-column\" style=\"--awb-bg-size:cover;--awb-width-large:50%;--awb-margin-top-large:0px;--awb-spacing-right-large:3.84%;--awb-margin-bottom-large:20px;--awb-spacing-left-large:3.84%;--awb-width-medium:50%;--awb-order-medium:0;--awb-spacing-right-medium:3.84%;--awb-spacing-left-medium:3.84%;--awb-width-small:100%;--awb-order-small:0;--awb-spacing-right-small:1.92%;--awb-spacing-left-small:1.92%;\"><div class=\"fusion-column-wrapper fusion-column-has-shadow fusion-flex-justify-content-flex-start fusion-content-layout-column\"><div class=\"fusion-text fusion-text-1\"><p>Gli eventi climatici estremi sono notevolmente aumentati negli ultimi anni. Ci\u00f2 indica chiaramente che il cambiamento climatico \u00e8 gi\u00e0 una realt\u00e0 e il suo impatto molto probabilmente metter\u00e0 alla prova la qualit\u00e0 della vita nelle nostre citt\u00e0.<\/p>\n<p>Negli ultimi 15 anni, la frequenza e l&#8217;intensit\u00e0 delle ondate di calore sono aumentate in tutta l&#8217;UE, aggravando cos\u00ec altre sfide, come:<\/p>\n<ul>\n<li> il consumo di energia per il raffreddamento con conseguenti emissioni di CO2 <\/li>\n<li> la salute pubblica direttamente e aumentando il carico di inquinamento atmosferico <\/li>\n<li> la capacit\u00e0 di lavorare con conseguente minore produttivit\u00e0 <\/li>\n<li> la possibilit\u00e0 di utilizzare gli spazi pubblici vincolando cos\u00ec la vita sociale, la durabilit\u00e0 delle infrastrutture. <\/li>\n<\/ul>\n<p>Questi impatti diretti e indiretti sfidano l&#8217;economia e la qualit\u00e0 della vita. Si prevede che le citt\u00e0 europee, costituite attualmente dal 73% in numero di abitazioni, a pi\u00f9 dell&#8217;80% entro il 2050. Urban Heat Island (UHI), il fenomeno che determina l&#8217;aumento della temperatura nelle dense aree urbane rispetto alle aree rurali, si sta aggravando.<\/p>\n<\/div><\/div><\/div><div class=\"fusion-layout-column fusion_builder_column fusion-builder-column-3 fusion_builder_column_1_2 1_2 fusion-flex-column\" style=\"--awb-bg-size:cover;--awb-width-large:50%;--awb-margin-top-large:0px;--awb-spacing-right-large:3.84%;--awb-margin-bottom-large:20px;--awb-spacing-left-large:3.84%;--awb-width-medium:50%;--awb-order-medium:0;--awb-spacing-right-medium:3.84%;--awb-spacing-left-medium:3.84%;--awb-width-small:100%;--awb-order-small:0;--awb-spacing-right-small:1.92%;--awb-spacing-left-small:1.92%;\"><div class=\"fusion-column-wrapper fusion-column-has-shadow fusion-flex-justify-content-flex-start fusion-content-layout-column\"><div class=\"fusion-image-element \" style=\"text-align:center;--awb-caption-title-font-family:var(--h2_typography-font-family);--awb-caption-title-font-weight:var(--h2_typography-font-weight);--awb-caption-title-font-style:var(--h2_typography-font-style);--awb-caption-title-size:var(--h2_typography-font-size);--awb-caption-title-transform:var(--h2_typography-text-transform);--awb-caption-title-line-height:var(--h2_typography-line-height);--awb-caption-title-letter-spacing:var(--h2_typography-letter-spacing);\"><span class=\" fusion-imageframe imageframe-none imageframe-1 hover-type-none\"><img decoding=\"async\" width=\"800\" height=\"367\" alt=\"Urban-heat-island-effect\" title=\"Urban-heat-island-effect\" src=\"https:\/\/www.lifesuperhero.eu\/wp-content\/uploads\/2020\/10\/Urban-heat-island-effect.jpg\" class=\"img-responsive wp-image-274\" srcset=\"https:\/\/www.lifesuperhero.eu\/wp-content\/uploads\/2020\/10\/Urban-heat-island-effect-200x92.jpg 200w, https:\/\/www.lifesuperhero.eu\/wp-content\/uploads\/2020\/10\/Urban-heat-island-effect-400x184.jpg 400w, https:\/\/www.lifesuperhero.eu\/wp-content\/uploads\/2020\/10\/Urban-heat-island-effect-600x275.jpg 600w, https:\/\/www.lifesuperhero.eu\/wp-content\/uploads\/2020\/10\/Urban-heat-island-effect.jpg 800w\" sizes=\"(max-width: 640px) 100vw, 600px\" \/><\/span><\/div><\/div><\/div><div class=\"fusion-layout-column fusion_builder_column fusion-builder-column-4 fusion_builder_column_1_1 1_1 fusion-flex-column\" style=\"--awb-bg-size:cover;--awb-width-large:100%;--awb-margin-top-large:0px;--awb-spacing-right-large:1.92%;--awb-margin-bottom-large:20px;--awb-spacing-left-large:1.92%;--awb-width-medium:100%;--awb-order-medium:0;--awb-spacing-right-medium:1.92%;--awb-spacing-left-medium:1.92%;--awb-width-small:100%;--awb-order-small:0;--awb-spacing-right-small:1.92%;--awb-spacing-left-small:1.92%;\"><div class=\"fusion-column-wrapper fusion-column-has-shadow fusion-flex-justify-content-flex-start fusion-content-layout-column\"><div class=\"fusion-text fusion-text-2\"><p>La combinazione di questi due importanti fenomeni porter\u00e0 nei prossimi decenni a temperature sempre pi\u00f9 elevate all&#8217;interno degli edifici, soprattutto in quelli esistenti con bassi livelli di energia. Di conseguenza, si verificheranno problemi di benessere e salute soprattutto per le persone pi\u00f9 deboli e svantaggiate (anziani e malati).<\/p>\n<\/div><\/div><\/div><\/div><\/div><div class=\"fusion-fullwidth fullwidth-box fusion-builder-row-4 fusion-flex-container fusion-parallax-none hundred-percent-fullwidth non-hundred-percent-height-scrolling\" style=\"--awb-border-radius-top-left:0px;--awb-border-radius-top-right:0px;--awb-border-radius-bottom-right:0px;--awb-border-radius-bottom-left:0px;--awb-background-image:url(&quot;https:\/\/www.lifesuperhero.eu\/wp-content\/uploads\/2020\/10\/heat-problems-in-the-cities.jpg&quot;);--awb-background-size:cover;--awb-flex-wrap:wrap;\" ><div class=\"fusion-builder-row fusion-row fusion-flex-align-items-flex-start fusion-flex-content-wrap\" style=\"width:104% !important;max-width:104% !important;margin-left: calc(-4% \/ 2 );margin-right: calc(-4% \/ 2 );\"><div class=\"fusion-layout-column fusion_builder_column fusion-builder-column-5 fusion_builder_column_1_1 1_1 fusion-flex-column\" style=\"--awb-bg-size:cover;--awb-width-large:100%;--awb-margin-top-large:0px;--awb-spacing-right-large:1.92%;--awb-margin-bottom-large:20px;--awb-spacing-left-large:1.92%;--awb-width-medium:100%;--awb-order-medium:0;--awb-spacing-right-medium:1.92%;--awb-spacing-left-medium:1.92%;--awb-width-small:100%;--awb-order-small:0;--awb-spacing-right-small:1.92%;--awb-spacing-left-small:1.92%;\"><div class=\"fusion-column-wrapper fusion-column-has-shadow fusion-flex-justify-content-flex-start fusion-content-layout-column\"><div class=\"fusion-separator fusion-full-width-sep\" style=\"align-self: center;margin-left: auto;margin-right: auto;margin-top:20px;margin-bottom:20px;width:100%;\"><\/div><div class=\"fusion-text fusion-text-3\"><h4><span style=\"color: #ffffff;\">L&#8217;intenso utilizzo della climatizzazione degli edifici e le conseguenti emissioni di gas serra (GHG), conseguenza del surriscaldamento di citt\u00e0 ed edifici, contribuiranno ad aumentare l&#8217;emergenza climatica: servono strategie di adattamento e mitigazione per fermare questo \u201ccircolo vizioso\u201d climatico.<\/span><\/h4>\n<\/div><div class=\"fusion-separator fusion-full-width-sep\" style=\"align-self: center;margin-left: auto;margin-right: auto;margin-top:20px;margin-bottom:20px;width:100%;\"><\/div><\/div><\/div><\/div><\/div><div class=\"fusion-fullwidth fullwidth-box fusion-builder-row-5 fusion-flex-container nonhundred-percent-fullwidth non-hundred-percent-height-scrolling\" style=\"--awb-border-radius-top-left:0px;--awb-border-radius-top-right:0px;--awb-border-radius-bottom-right:0px;--awb-border-radius-bottom-left:0px;--awb-flex-wrap:wrap;\" ><div class=\"fusion-builder-row fusion-row fusion-flex-align-items-flex-start fusion-flex-content-wrap\" style=\"max-width:1248px;margin-left: calc(-4% \/ 2 );margin-right: calc(-4% \/ 2 );\"><div class=\"fusion-layout-column fusion_builder_column fusion-builder-column-6 fusion_builder_column_1_1 1_1 fusion-flex-column\" style=\"--awb-bg-size:cover;--awb-width-large:100%;--awb-margin-top-large:0px;--awb-spacing-right-large:1.92%;--awb-margin-bottom-large:20px;--awb-spacing-left-large:1.92%;--awb-width-medium:100%;--awb-order-medium:0;--awb-spacing-right-medium:1.92%;--awb-spacing-left-medium:1.92%;--awb-width-small:100%;--awb-order-small:0;--awb-spacing-right-small:1.92%;--awb-spacing-left-small:1.92%;\"><div class=\"fusion-column-wrapper fusion-column-has-shadow fusion-flex-justify-content-flex-start fusion-content-layout-column\"><div class=\"fusion-separator fusion-full-width-sep\" style=\"align-self: center;margin-left: auto;margin-right: auto;margin-top:20px;margin-bottom:20px;width:100%;\"><\/div><div class=\"fusion-text fusion-text-4\"><h4>Il patrimonio edilizio effettivo e il potenziale climatico di ristrutturazione.<\/h4>\n<p>La domanda di energia per il condizionamento dell&#8217;aria negli edifici residenziali \u00e8 particolarmente correlata alla quantit\u00e0 di superfici dell&#8217;involucro direttamente esposte al sole. Le tecnologie di copertura, direttamente esposte al sole, hanno un forte impatto sulle esigenze di raffreddamento degli edifici. Attualmente, circa il 45% degli edifici dell&#8217;UE sono costruiti prima degli anni novanta e quasi il 75% del patrimonio edilizio \u00e8 inefficiente dal punto di vista energetico, mentre il tasso di ristrutturazione \u00e8 molto limitato. Il settore delle costruzioni edili \u00e8 uno dei settori europei con i maggiori impatti sul clima. Gli edifici sono responsabili di circa il <strong>40% del consumo energetico<\/strong>, del <strong>36% delle emissioni di CO2<\/strong> nell&#8217;UE e l&#8217;84% della domanda di energia per il riscaldamento e il raffreddamento degli edifici \u00e8 ancora generata da combustibili fossili. Pertanto, <strong>la ristrutturazione di edifici esistenti insieme alla progettazione di nuovi edifici ha un grande potenziale di adattamento urbano contro la sfida del &#8220;calore&#8221;.<\/strong><\/p>\n<\/div><div class=\"fusion-separator fusion-full-width-sep\" style=\"align-self: center;margin-left: auto;margin-right: auto;margin-top:20px;margin-bottom:20px;width:100%;\"><\/div><\/div><\/div><\/div><\/div><div class=\"fusion-fullwidth fullwidth-box fusion-builder-row-6 fusion-flex-container fusion-parallax-none hundred-percent-fullwidth non-hundred-percent-height-scrolling\" style=\"--awb-border-radius-top-left:0px;--awb-border-radius-top-right:0px;--awb-border-radius-bottom-right:0px;--awb-border-radius-bottom-left:0px;--awb-background-image:url(&quot;https:\/\/www.lifesuperhero.eu\/wp-content\/uploads\/2020\/10\/roof-sun-life-superhero.jpg&quot;);--awb-background-size:cover;--awb-flex-wrap:wrap;--awb-filter:saturate(122%) brightness(109%);--awb-filter-transition:filter 0.3s ease;--awb-filter-hover:saturate(100%) brightness(100%);\" ><div class=\"fusion-builder-row fusion-row fusion-flex-align-items-flex-start fusion-flex-content-wrap\" style=\"width:104% !important;max-width:104% !important;margin-left: calc(-4% \/ 2 );margin-right: calc(-4% \/ 2 );\"><div class=\"fusion-layout-column fusion_builder_column fusion-builder-column-7 fusion_builder_column_3_5 3_5 fusion-flex-column\" style=\"--awb-bg-size:cover;--awb-width-large:60%;--awb-margin-top-large:0px;--awb-spacing-right-large:3.2%;--awb-margin-bottom-large:20px;--awb-spacing-left-large:3.2%;--awb-width-medium:60%;--awb-order-medium:0;--awb-spacing-right-medium:3.2%;--awb-spacing-left-medium:3.2%;--awb-width-small:100%;--awb-order-small:0;--awb-spacing-right-small:1.92%;--awb-spacing-left-small:1.92%;\"><div class=\"fusion-column-wrapper fusion-column-has-shadow fusion-flex-justify-content-flex-start fusion-content-layout-column\"><\/div><\/div><div class=\"fusion-layout-column fusion_builder_column fusion-builder-column-8 fusion_builder_column_2_5 2_5 fusion-flex-column\" style=\"--awb-padding-top:5%;--awb-padding-right:5%;--awb-padding-bottom:5%;--awb-padding-left:5%;--awb-bg-color:rgba(255,255,255,0.79);--awb-bg-color-hover:rgba(255,255,255,0.79);--awb-bg-size:cover;--awb-width-large:40%;--awb-margin-top-large:0px;--awb-spacing-right-large:4.8%;--awb-margin-bottom-large:0px;--awb-spacing-left-large:4.8%;--awb-width-medium:40%;--awb-order-medium:0;--awb-spacing-right-medium:4.8%;--awb-spacing-left-medium:4.8%;--awb-width-small:100%;--awb-order-small:0;--awb-spacing-right-small:1.92%;--awb-spacing-left-small:1.92%;\"><div class=\"fusion-column-wrapper fusion-column-has-shadow fusion-flex-justify-content-flex-start fusion-content-layout-column\"><div class=\"fusion-separator fusion-full-width-sep\" style=\"align-self: center;margin-left: auto;margin-right: auto;margin-top:20px;margin-bottom:20px;width:100%;\"><\/div><div class=\"fusion-text fusion-text-5\"><p>Molte citt\u00e0 in Europa stanno gi\u00e0 lavorando a strategie di mitigazione del cambiamento climatico, ma \u00e8 anche vitale e urgente sviluppare strategie per adattare le citt\u00e0 agli impatti inevitabili del cambiamento climatico. La vulnerabilit\u00e0 ai cambiamenti climatici nelle citt\u00e0 \u00e8 spesso il risultato di azioni umane come una progettazione inadeguata degli edifici o altri comportamenti che aggravano l&#8217;impatto del cambiamento climatico. L&#8217;adattamento urbano \u00e8 un approccio sistemico che mira a cambiare il design e le strutture urbane, parte integrante dello sviluppo e della rigenerazione della citt\u00e0. Tuttavia, il livello di consapevolezza dell&#8217;adattamento deve ancora essere migliorato. Le citt\u00e0, soprattutto quelle pi\u00f9 piccole, spesso mancano della capacit\u00e0 o delle risorse per accedere alla conoscenza e selezionare gli strumenti pi\u00f9 appropriati gi\u00e0 disponibili.<\/p>\n<\/div><div class=\"fusion-separator fusion-full-width-sep\" style=\"align-self: center;margin-left: auto;margin-right: auto;margin-top:20px;margin-bottom:20px;width:100%;\"><\/div><\/div><\/div><\/div><\/div><div class=\"fusion-fullwidth fullwidth-box fusion-builder-row-7 fusion-flex-container nonhundred-percent-fullwidth non-hundred-percent-height-scrolling\" style=\"--awb-border-radius-top-left:0px;--awb-border-radius-top-right:0px;--awb-border-radius-bottom-right:0px;--awb-border-radius-bottom-left:0px;--awb-flex-wrap:wrap;\" ><div class=\"fusion-builder-row fusion-row fusion-flex-align-items-flex-start fusion-flex-content-wrap\" style=\"max-width:1248px;margin-left: calc(-4% \/ 2 );margin-right: calc(-4% \/ 2 );\"><div class=\"fusion-layout-column fusion_builder_column fusion-builder-column-9 fusion_builder_column_1_1 1_1 fusion-flex-column\" style=\"--awb-bg-size:cover;--awb-width-large:100%;--awb-margin-top-large:0px;--awb-spacing-right-large:1.92%;--awb-margin-bottom-large:20px;--awb-spacing-left-large:1.92%;--awb-width-medium:100%;--awb-order-medium:0;--awb-spacing-right-medium:1.92%;--awb-spacing-left-medium:1.92%;--awb-width-small:100%;--awb-order-small:0;--awb-spacing-right-small:1.92%;--awb-spacing-left-small:1.92%;\"><div class=\"fusion-column-wrapper fusion-column-has-shadow fusion-flex-justify-content-flex-start fusion-content-layout-column\"><div class=\"fusion-separator fusion-full-width-sep\" style=\"align-self: center;margin-left: auto;margin-right: auto;margin-top:20px;margin-bottom:20px;width:100%;\"><\/div><div class=\"fusion-separator fusion-full-width-sep\" style=\"align-self: center;margin-left: auto;margin-right: auto;margin-top:20px;margin-bottom:20px;width:100%;\"><\/div><div style=\"text-align:center;\"><a class=\"fusion-button button-flat button-xlarge button-default fusion-button-default button-1 fusion-button-default-span fusion-button-default-type\" target=\"_self\" href=\"https:\/\/www.lifesuperhero.eu\/solution-proposed\/\"><span class=\"fusion-button-text awb-button__text awb-button__text--default\">Scopri la soluzione proposta da LIFE SUPERHERO &gt;&gt;<\/span><\/a><\/div><div class=\"fusion-separator fusion-full-width-sep\" style=\"align-self: center;margin-left: auto;margin-right: auto;margin-top:20px;margin-bottom:20px;width:100%;\"><\/div><\/div><\/div><\/div><\/div><\/p>\n","protected":false},"excerpt":{"rendered":"","protected":false},"author":2,"featured_media":0,"parent":0,"menu_order":0,"comment_status":"closed","ping_status":"closed","template":"100-width.php","meta":{"_bbp_topic_count":0,"_bbp_reply_count":0,"_bbp_total_topic_count":0,"_bbp_total_reply_count":0,"_bbp_voice_count":0,"_bbp_anonymous_reply_count":0,"_bbp_topic_count_hidden":0,"_bbp_reply_count_hidden":0,"_bbp_forum_subforum_count":0,"footnotes":""},"class_list":["post-337","page","type-page","status-publish","hentry"],"yoast_head":"<!-- This site is optimized with the Yoast SEO plugin v27.4 - https:\/\/yoast.com\/product\/yoast-seo-wordpress\/ -->\n<title>PROBLEMA AFFRONTATO - Life SuperHero<\/title>\n<meta name=\"robots\" content=\"index, follow, max-snippet:-1, max-image-preview:large, max-video-preview:-1\" \/>\n<link rel=\"canonical\" href=\"https:\/\/www.lifesuperhero.eu\/it\/problema-affrontato\/\" \/>\n<meta property=\"og:locale\" content=\"it_IT\" \/>\n<meta property=\"og:type\" content=\"article\" \/>\n<meta property=\"og:title\" content=\"PROBLEMA AFFRONTATO - Life SuperHero\" \/>\n<meta property=\"og:url\" content=\"https:\/\/www.lifesuperhero.eu\/it\/problema-affrontato\/\" \/>\n<meta property=\"og:site_name\" content=\"Life SuperHero\" \/>\n<meta property=\"article:modified_time\" content=\"2020-11-10T15:17:58+00:00\" \/>\n<meta name=\"twitter:card\" content=\"summary_large_image\" \/>\n<meta name=\"twitter:label1\" content=\"Tempo di lettura stimato\" \/>\n\t<meta name=\"twitter:data1\" content=\"30 minuti\" \/>\n<script type=\"application\/ld+json\" class=\"yoast-schema-graph\">{\"@context\":\"https:\\\/\\\/schema.org\",\"@graph\":[{\"@type\":\"WebPage\",\"@id\":\"https:\\\/\\\/www.lifesuperhero.eu\\\/it\\\/problema-affrontato\\\/\",\"url\":\"https:\\\/\\\/www.lifesuperhero.eu\\\/it\\\/problema-affrontato\\\/\",\"name\":\"PROBLEMA AFFRONTATO - Life SuperHero\",\"isPartOf\":{\"@id\":\"https:\\\/\\\/www.lifesuperhero.eu\\\/it\\\/#website\"},\"datePublished\":\"2020-11-10T15:17:55+00:00\",\"dateModified\":\"2020-11-10T15:17:58+00:00\",\"breadcrumb\":{\"@id\":\"https:\\\/\\\/www.lifesuperhero.eu\\\/it\\\/problema-affrontato\\\/#breadcrumb\"},\"inLanguage\":\"it-IT\",\"potentialAction\":[{\"@type\":\"ReadAction\",\"target\":[\"https:\\\/\\\/www.lifesuperhero.eu\\\/it\\\/problema-affrontato\\\/\"]}]},{\"@type\":\"BreadcrumbList\",\"@id\":\"https:\\\/\\\/www.lifesuperhero.eu\\\/it\\\/problema-affrontato\\\/#breadcrumb\",\"itemListElement\":[{\"@type\":\"ListItem\",\"position\":1,\"name\":\"Home\",\"item\":\"https:\\\/\\\/www.lifesuperhero.eu\\\/it\\\/\"},{\"@type\":\"ListItem\",\"position\":2,\"name\":\"PROBLEMA AFFRONTATO\"}]},{\"@type\":\"WebSite\",\"@id\":\"https:\\\/\\\/www.lifesuperhero.eu\\\/it\\\/#website\",\"url\":\"https:\\\/\\\/www.lifesuperhero.eu\\\/it\\\/\",\"name\":\"Life SuperHero\",\"description\":\"SUstainability and PERformances for HEROTILE-based energy efficient roofs\",\"potentialAction\":[{\"@type\":\"SearchAction\",\"target\":{\"@type\":\"EntryPoint\",\"urlTemplate\":\"https:\\\/\\\/www.lifesuperhero.eu\\\/it\\\/?s={search_term_string}\"},\"query-input\":{\"@type\":\"PropertyValueSpecification\",\"valueRequired\":true,\"valueName\":\"search_term_string\"}}],\"inLanguage\":\"it-IT\"}]}<\/script>\n<!-- \/ Yoast SEO plugin. -->","yoast_head_json":{"title":"PROBLEMA AFFRONTATO - Life SuperHero","robots":{"index":"index","follow":"follow","max-snippet":"max-snippet:-1","max-image-preview":"max-image-preview:large","max-video-preview":"max-video-preview:-1"},"canonical":"https:\/\/www.lifesuperhero.eu\/it\/problema-affrontato\/","og_locale":"it_IT","og_type":"article","og_title":"PROBLEMA AFFRONTATO - Life SuperHero","og_url":"https:\/\/www.lifesuperhero.eu\/it\/problema-affrontato\/","og_site_name":"Life SuperHero","article_modified_time":"2020-11-10T15:17:58+00:00","twitter_card":"summary_large_image","twitter_misc":{"Tempo di lettura stimato":"30 minuti"},"schema":{"@context":"https:\/\/schema.org","@graph":[{"@type":"WebPage","@id":"https:\/\/www.lifesuperhero.eu\/it\/problema-affrontato\/","url":"https:\/\/www.lifesuperhero.eu\/it\/problema-affrontato\/","name":"PROBLEMA AFFRONTATO - Life SuperHero","isPartOf":{"@id":"https:\/\/www.lifesuperhero.eu\/it\/#website"},"datePublished":"2020-11-10T15:17:55+00:00","dateModified":"2020-11-10T15:17:58+00:00","breadcrumb":{"@id":"https:\/\/www.lifesuperhero.eu\/it\/problema-affrontato\/#breadcrumb"},"inLanguage":"it-IT","potentialAction":[{"@type":"ReadAction","target":["https:\/\/www.lifesuperhero.eu\/it\/problema-affrontato\/"]}]},{"@type":"BreadcrumbList","@id":"https:\/\/www.lifesuperhero.eu\/it\/problema-affrontato\/#breadcrumb","itemListElement":[{"@type":"ListItem","position":1,"name":"Home","item":"https:\/\/www.lifesuperhero.eu\/it\/"},{"@type":"ListItem","position":2,"name":"PROBLEMA AFFRONTATO"}]},{"@type":"WebSite","@id":"https:\/\/www.lifesuperhero.eu\/it\/#website","url":"https:\/\/www.lifesuperhero.eu\/it\/","name":"Life SuperHero","description":"SUstainability and PERformances for HEROTILE-based energy efficient roofs","potentialAction":[{"@type":"SearchAction","target":{"@type":"EntryPoint","urlTemplate":"https:\/\/www.lifesuperhero.eu\/it\/?s={search_term_string}"},"query-input":{"@type":"PropertyValueSpecification","valueRequired":true,"valueName":"search_term_string"}}],"inLanguage":"it-IT"}]}},"_links":{"self":[{"href":"https:\/\/www.lifesuperhero.eu\/it\/wp-json\/wp\/v2\/pages\/337","targetHints":{"allow":["GET"]}}],"collection":[{"href":"https:\/\/www.lifesuperhero.eu\/it\/wp-json\/wp\/v2\/pages"}],"about":[{"href":"https:\/\/www.lifesuperhero.eu\/it\/wp-json\/wp\/v2\/types\/page"}],"author":[{"embeddable":true,"href":"https:\/\/www.lifesuperhero.eu\/it\/wp-json\/wp\/v2\/users\/2"}],"replies":[{"embeddable":true,"href":"https:\/\/www.lifesuperhero.eu\/it\/wp-json\/wp\/v2\/comments?post=337"}],"version-history":[{"count":3,"href":"https:\/\/www.lifesuperhero.eu\/it\/wp-json\/wp\/v2\/pages\/337\/revisions"}],"predecessor-version":[{"id":340,"href":"https:\/\/www.lifesuperhero.eu\/it\/wp-json\/wp\/v2\/pages\/337\/revisions\/340"}],"wp:attachment":[{"href":"https:\/\/www.lifesuperhero.eu\/it\/wp-json\/wp\/v2\/media?parent=337"}],"curies":[{"name":"wp","href":"https:\/\/api.w.org\/{rel}","templated":true}]}}