{"id":347,"date":"2020-11-12T14:27:47","date_gmt":"2020-11-12T13:27:47","guid":{"rendered":"https:\/\/www.lifesuperhero.eu\/soluzione-proposta\/"},"modified":"2020-11-12T17:04:36","modified_gmt":"2020-11-12T16:04:36","slug":"soluzione-proposta","status":"publish","type":"page","link":"https:\/\/www.lifesuperhero.eu\/it\/soluzione-proposta\/","title":{"rendered":"SOLUZIONE PROPOSTA"},"content":{"rendered":"<p><div class=\"fusion-fullwidth fullwidth-box fusion-builder-row-1 fusion-flex-container fusion-parallax-none hundred-percent-fullwidth non-hundred-percent-height-scrolling\" style=\"--awb-background-blend-mode:darken;--awb-border-radius-top-left:0px;--awb-border-radius-top-right:0px;--awb-border-radius-bottom-right:0px;--awb-border-radius-bottom-left:0px;--awb-background-color:rgba(0,0,0,0.5);--awb-background-image:url(&quot;https:\/\/www.lifesuperhero.eu\/wp-content\/uploads\/2020\/08\/roofs-life-superhero.jpg&quot;);--awb-background-size:cover;--awb-flex-wrap:wrap;\" ><div class=\"fusion-builder-row fusion-row fusion-flex-align-items-flex-start fusion-flex-content-wrap\" style=\"width:104% !important;max-width:104% !important;margin-left: calc(-4% \/ 2 );margin-right: calc(-4% \/ 2 );\"><div class=\"fusion-layout-column fusion_builder_column fusion-builder-column-0 fusion_builder_column_1_1 1_1 fusion-flex-column\" style=\"--awb-bg-size:cover;--awb-width-large:100%;--awb-margin-top-large:0px;--awb-spacing-right-large:1.92%;--awb-margin-bottom-large:20px;--awb-spacing-left-large:1.92%;--awb-width-medium:100%;--awb-order-medium:0;--awb-spacing-right-medium:1.92%;--awb-spacing-left-medium:1.92%;--awb-width-small:100%;--awb-order-small:0;--awb-spacing-right-small:1.92%;--awb-spacing-left-small:1.92%;\"><div class=\"fusion-column-wrapper fusion-column-has-shadow fusion-flex-justify-content-flex-start fusion-content-layout-column\"><div class=\"fusion-separator fusion-full-width-sep\" style=\"align-self: center;margin-left: auto;margin-right: auto;margin-top:50px;margin-bottom:20px;width:100%;\"><\/div><div class=\"fusion-title title fusion-title-1 fusion-title-text fusion-title-size-one\" style=\"--awb-text-color:#ffffff;--awb-margin-top-small:10px;--awb-margin-right-small:0px;--awb-margin-bottom-small:10px;--awb-margin-left-small:0px;--awb-sep-color:#ffffff;\"><div class=\"title-sep-container title-sep-container-left fusion-no-large-visibility fusion-no-medium-visibility fusion-no-small-visibility\"><div class=\"title-sep sep-double sep-dashed\" style=\"border-color:#ffffff;\"><\/div><\/div><span class=\"awb-title-spacer fusion-no-large-visibility fusion-no-medium-visibility fusion-no-small-visibility\"><\/span><h1 class=\"fusion-title-heading title-heading-left\" style=\"margin:0;\">SOLUZIONE PROPOSTA<\/h1><span class=\"awb-title-spacer\"><\/span><div class=\"title-sep-container title-sep-container-right\"><div class=\"title-sep sep-double sep-dashed\" style=\"border-color:#ffffff;\"><\/div><\/div><\/div><div class=\"fusion-separator fusion-full-width-sep\" style=\"align-self: center;margin-left: auto;margin-right: auto;margin-top:50px;margin-bottom:20px;width:100%;\"><\/div><\/div><\/div><\/div><\/div><div class=\"fusion-fullwidth fullwidth-box fusion-builder-row-2 fusion-flex-container nonhundred-percent-fullwidth non-hundred-percent-height-scrolling\" style=\"--awb-border-radius-top-left:0px;--awb-border-radius-top-right:0px;--awb-border-radius-bottom-right:0px;--awb-border-radius-bottom-left:0px;--awb-flex-wrap:wrap;\" ><div class=\"fusion-builder-row fusion-row fusion-flex-align-items-flex-start fusion-flex-content-wrap\" style=\"max-width:1248px;margin-left: calc(-4% \/ 2 );margin-right: calc(-4% \/ 2 );\"><div class=\"fusion-layout-column fusion_builder_column fusion-builder-column-1 fusion_builder_column_1_1 1_1 fusion-flex-column\" style=\"--awb-bg-size:cover;--awb-width-large:100%;--awb-margin-top-large:0px;--awb-spacing-right-large:1.92%;--awb-margin-bottom-large:20px;--awb-spacing-left-large:1.92%;--awb-width-medium:100%;--awb-order-medium:0;--awb-spacing-right-medium:1.92%;--awb-spacing-left-medium:1.92%;--awb-width-small:100%;--awb-order-small:0;--awb-spacing-right-small:1.92%;--awb-spacing-left-small:1.92%;\"><div class=\"fusion-column-wrapper fusion-column-has-shadow fusion-flex-justify-content-flex-start fusion-content-layout-column\"><div class=\"fusion-separator fusion-full-width-sep\" style=\"align-self: center;margin-left: auto;margin-right: auto;margin-top:50px;margin-bottom:20px;width:100%;\"><\/div><\/div><\/div><div class=\"fusion-layout-column fusion_builder_column fusion-builder-column-2 fusion_builder_column_1_2 1_2 fusion-flex-column\" style=\"--awb-bg-size:cover;--awb-width-large:50%;--awb-margin-top-large:0px;--awb-spacing-right-large:3.84%;--awb-margin-bottom-large:20px;--awb-spacing-left-large:3.84%;--awb-width-medium:50%;--awb-order-medium:0;--awb-spacing-right-medium:3.84%;--awb-spacing-left-medium:3.84%;--awb-width-small:100%;--awb-order-small:0;--awb-spacing-right-small:1.92%;--awb-spacing-left-small:1.92%;\"><div class=\"fusion-column-wrapper fusion-column-has-shadow fusion-flex-justify-content-flex-start fusion-content-layout-column\"><div class=\"fusion-text fusion-text-1\"><p>Una risposta efficace, sostenibile ed a basso costo al surriscaldamento di citt\u00e0 ed edifici \u00e8 l&#8217;utilizzo di tecnologie di \u201craffrescamento passivo\u201d degli edifici, che consentono di abbattere le temperature dell&#8217;involucro degli edifici (tetti e pareti) e di conseguenza dell&#8217;aria circostante (limitando cos\u00ec Urban Heat Island) , piuttosto che aumentare la richiesta di energia dal raffreddamento artificiale. Tra le soluzioni di raffreddamento passivo degli edifici, l&#8217;uso di tetti ventilati e permeabili (VPR) \u00e8 il pi\u00f9 sostenibile e una strategia promettente. Le &#8220;HEROTILES&#8221; sviluppate nell&#8217;ambito del precedente progetto LIFE HEROTILE hanno anche una capacit\u00e0 di raffreddamento migliorata rispetto ad altre tecnologie per tetti. Tuttavia, \u00e8 necessario affrontare diverse barriere politiche \/ legislative \/ di sensibilizzazione per diffondere adeguatamente i tetti ventilati e permeabili e il &#8220;tetto a base di tegole HEROTILE&#8221; (HBR), a seconda di due fattori principali:<\/p>\n<ol>\n<li>la mancanza di un quadro legislativo consolidato per la costruzione di tecnologie di raffrescamento passivo e soprattutto di tetti ventilati e permeabili;<\/li>\n<li>la mancanza di consapevolezza sull&#8217;impatto positivo della VPR su UHI, comfort indoor e risparmio energetico, da parte di stakeholder, utenti, policy maker e pubbliche amministrazioni.<\/li>\n<\/ol>\n<\/div><\/div><\/div><div class=\"fusion-layout-column fusion_builder_column fusion-builder-column-3 fusion_builder_column_1_2 1_2 fusion-flex-column\" style=\"--awb-bg-size:cover;--awb-width-large:50%;--awb-margin-top-large:0px;--awb-spacing-right-large:3.84%;--awb-margin-bottom-large:20px;--awb-spacing-left-large:3.84%;--awb-width-medium:50%;--awb-order-medium:0;--awb-spacing-right-medium:3.84%;--awb-spacing-left-medium:3.84%;--awb-width-small:100%;--awb-order-small:0;--awb-spacing-right-small:1.92%;--awb-spacing-left-small:1.92%;\"><div class=\"fusion-column-wrapper fusion-column-has-shadow fusion-flex-justify-content-flex-start fusion-content-layout-column\"><div class=\"fusion-image-element \" style=\"--awb-caption-title-font-family:var(--h2_typography-font-family);--awb-caption-title-font-weight:var(--h2_typography-font-weight);--awb-caption-title-font-style:var(--h2_typography-font-style);--awb-caption-title-size:var(--h2_typography-font-size);--awb-caption-title-transform:var(--h2_typography-text-transform);--awb-caption-title-line-height:var(--h2_typography-line-height);--awb-caption-title-letter-spacing:var(--h2_typography-letter-spacing);\"><span class=\" fusion-imageframe imageframe-none imageframe-1 hover-type-none\"><img decoding=\"async\" width=\"1280\" height=\"720\" alt=\"Tetto SuperHero\" title=\"Tetto SuperHero\" src=\"https:\/\/www.lifesuperhero.eu\/wp-content\/uploads\/2020\/11\/Copertura-ventilata-e-traspirante.jpg\" class=\"img-responsive wp-image-277\"\/><\/span><\/div><\/div><\/div><\/div><\/div><div class=\"fusion-fullwidth fullwidth-box fusion-builder-row-3 fusion-flex-container nonhundred-percent-fullwidth non-hundred-percent-height-scrolling\" style=\"--awb-border-radius-top-left:0px;--awb-border-radius-top-right:0px;--awb-border-radius-bottom-right:0px;--awb-border-radius-bottom-left:0px;--awb-flex-wrap:wrap;\" ><div class=\"fusion-builder-row fusion-row fusion-flex-align-items-flex-start fusion-flex-content-wrap\" style=\"max-width:1248px;margin-left: calc(-4% \/ 2 );margin-right: calc(-4% \/ 2 );\"><div class=\"fusion-layout-column fusion_builder_column fusion-builder-column-4 fusion_builder_column_1_1 1_1 fusion-flex-column\" style=\"--awb-bg-size:cover;--awb-width-large:100%;--awb-margin-top-large:0px;--awb-spacing-right-large:1.92%;--awb-margin-bottom-large:20px;--awb-spacing-left-large:1.92%;--awb-width-medium:100%;--awb-order-medium:0;--awb-spacing-right-medium:1.92%;--awb-spacing-left-medium:1.92%;--awb-width-small:100%;--awb-order-small:0;--awb-spacing-right-small:1.92%;--awb-spacing-left-small:1.92%;\"><div class=\"fusion-column-wrapper fusion-column-has-shadow fusion-flex-justify-content-flex-start fusion-content-layout-column\"><div class=\"fusion-text fusion-text-2\"><h4>I vantaggi climatici e ambientali di LIFE SUPERHERO<\/h4>\n<p>LIFE SUPERHERO promuove il concetto innovativo di raffreddamento passivo degli edifici e mira a diffondere l&#8217;uso dei tetti ventilati e permeabili e del tetto a base di HEROTILE in edifici esistenti e nuovi, attraverso una forte strategia basata su <strong> 4 pilastri d&#8217;azione parallela <\/strong>:<\/p>\n<\/div><div class=\"fusion-separator fusion-full-width-sep\" style=\"align-self: center;margin-left: auto;margin-right: auto;margin-top:10px;margin-bottom:10px;width:100%;\"><\/div><div class=\"fusion-flip-boxes flip-boxes row fusion-columns-4 flip-effect-classic equal-heights\"><div class=\"fusion-flip-box-wrapper fusion-column col-lg-3 col-md-3 col-sm-3\"><div class=\"fusion-flip-box flip-right\" tabindex=\"0\"><div class=\"flip-box-inner-wrapper\"><div class=\"flip-box-front\" style=\"--awb-icon-color:#ffffff;--awb-border-color:#2c4e4b;--awb-background-color-front:#2c4e4b;--awb-title-front-color:#ffffff;--awb-text-front-color:#ffffff;\"><div class=\"flip-box-front-inner\"><div class=\"flip-box-grafix flip-box-no-circle\"><i aria-hidden=\"true\" class=\"fa-edit fas\"><\/i><\/div><h2 class=\"flip-box-heading without-text\"> Proposta di norme e regolamenti<\/h2><\/div><\/div><div class=\"flip-box-back\" style=\"--awb-icon-color:#ffffff;--awb-border-color:#2c4e4b;--awb-background-color-back:#ffffff;--awb-title-back-color:#2c4e4b;--awb-text-back-color:#2c4e4b;\"><div class=\"flip-box-back-inner\">\n<p>La produzione di un metodo di prova standardizzato della permeabilit\u00e0 all&#8217;aria, la proposta di aggiornare i sistemi di classificazione ecologica degli edifici e gli appalti pubblici compresi i vantaggi ambientali VPR, la proposta di migliorare gli standard CEN esistenti al fine di includere VPR nel calcolo energetico degli edifici.<\/p>\n<\/div><\/div><\/div><\/div><\/div><div class=\"fusion-flip-box-wrapper fusion-column col-lg-3 col-md-3 col-sm-3\"><div class=\"fusion-flip-box flip-right\" tabindex=\"0\"><div class=\"flip-box-inner-wrapper\"><div class=\"flip-box-front\" style=\"--awb-icon-color:#ffffff;--awb-border-color:#3e948b;--awb-background-color-front:#3e948b;--awb-title-front-color:#ffffff;--awb-text-front-color:#ffffff;\"><div class=\"flip-box-front-inner\"><div class=\"flip-box-grafix flip-box-no-circle\"><i aria-hidden=\"true\" class=\"fa-hands-helping fas\"><\/i><\/div><h2 class=\"flip-box-heading without-text\">Buone pratiche con i comuni<\/h2><\/div><\/div><div class=\"flip-box-back\" style=\"--awb-icon-color:#ffffff;--awb-border-color:#3e948b;--awb-background-color-back:#ffffff;--awb-title-back-color:#3e948b;--awb-text-back-color:#3e948b;\"><div class=\"flip-box-back-inner\">\n<p>Sviluppare linee guida su strategie adeguate di ristrutturazione del tetto da utilizzare come soluzioni climatiche. HBR sar\u00e0 installato su due edifici a Reggio Emilia, dimostrando la sua facile ed economica realizzazione, pur comportando elevate prestazioni energetiche e ambientali.<\/p>\n<\/div><\/div><\/div><\/div><\/div><div class=\"fusion-flip-box-wrapper fusion-column col-lg-3 col-md-3 col-sm-3\"><div class=\"fusion-flip-box flip-right\" tabindex=\"0\"><div class=\"flip-box-inner-wrapper\"><div class=\"flip-box-front\" style=\"--awb-icon-color:#ffffff;--awb-border-color:#70061c;--awb-background-color-front:#70061c;--awb-title-front-color:#ffffff;--awb-text-front-color:#ffffff;\"><div class=\"flip-box-front-inner\"><div class=\"flip-box-grafix flip-box-no-circle\"><i aria-hidden=\"true\" class=\"fa-cog fas\"><\/i><\/div><h2 class=\"flip-box-heading without-text\">Sviluppo di un software life superhero<\/h2><\/div><\/div><div class=\"flip-box-back\" style=\"--awb-icon-color:#ffffff;--awb-border-color:#70061c;--awb-background-color-back:#ffffff;--awb-title-back-color:#70061c;--awb-text-back-color:#70061c;\"><div class=\"flip-box-back-inner\">\n<p id=\"tw-target-text\" class=\"tw-data-text tw-text-large XcVN5d tw-ta\" dir=\"ltr\" data-placeholder=\"Traduzione\"><span lang=\"it\">Uno strumento di supporto alle decisioni per i consulenti edili e le pubbliche amministrazioni, per valutare i benefici ambientali ed economici del ciclo di vita di VPR e HBR, al fine di selezionare le migliori soluzioni progettuali per i loro progetti e piani climatici.<\/span><\/p>\n<\/div><\/div><\/div><\/div><\/div><div class=\"fusion-flip-box-wrapper fusion-column col-lg-3 col-md-3 col-sm-3\"><div class=\"fusion-flip-box flip-right\" tabindex=\"0\"><div class=\"flip-box-inner-wrapper\"><div class=\"flip-box-front\" style=\"--awb-icon-color:#ffffff;--awb-border-color:#bf8f99;--awb-background-color-front:#bf8f99;--awb-title-front-color:#ffffff;--awb-text-front-color:#ffffff;\"><div class=\"flip-box-front-inner\"><div class=\"flip-box-grafix flip-box-no-circle\"><i aria-hidden=\"true\" class=\"fa-industry fas\"><\/i><\/div><h2 class=\"flip-box-heading without-text\"> Replicabilit\u00e0 e trasferibilit\u00e0 industriale<\/h2><\/div><\/div><div class=\"flip-box-back\" style=\"--awb-icon-color:#ffffff;--awb-border-color:#bf8f99;--awb-background-color-back:#ffffff;--awb-title-back-color:#bf8f99;--awb-text-back-color:#bf8f99;\"><div class=\"flip-box-back-inner\">\n<p>Questa azione getter\u00e0 le basi per una forte penetrazione nel mercato di VPR e HBR, amplificando cos\u00ec gli impatti climatici ottenuti dal progetto, e coinvolger\u00e0 tutti i partner, in particolare le industrie e le associazioni di piastrelle e laterizi.<\/p>\n<\/div><\/div><\/div><\/div><\/div><\/div><\/div><\/div><\/div><\/div><\/p>\n","protected":false},"excerpt":{"rendered":"","protected":false},"author":2,"featured_media":0,"parent":0,"menu_order":0,"comment_status":"closed","ping_status":"closed","template":"100-width.php","meta":{"_bbp_topic_count":0,"_bbp_reply_count":0,"_bbp_total_topic_count":0,"_bbp_total_reply_count":0,"_bbp_voice_count":0,"_bbp_anonymous_reply_count":0,"_bbp_topic_count_hidden":0,"_bbp_reply_count_hidden":0,"_bbp_forum_subforum_count":0,"footnotes":""},"class_list":["post-347","page","type-page","status-publish","hentry"],"yoast_head":"<!-- This site is optimized with the Yoast SEO plugin v27.4 - https:\/\/yoast.com\/product\/yoast-seo-wordpress\/ -->\n<title>SOLUZIONE PROPOSTA - Life SuperHero<\/title>\n<meta name=\"robots\" content=\"index, follow, max-snippet:-1, max-image-preview:large, max-video-preview:-1\" \/>\n<link rel=\"canonical\" href=\"https:\/\/www.lifesuperhero.eu\/it\/soluzione-proposta\/\" \/>\n<meta property=\"og:locale\" content=\"it_IT\" \/>\n<meta property=\"og:type\" content=\"article\" \/>\n<meta property=\"og:title\" content=\"SOLUZIONE PROPOSTA - Life SuperHero\" \/>\n<meta property=\"og:url\" content=\"https:\/\/www.lifesuperhero.eu\/it\/soluzione-proposta\/\" \/>\n<meta property=\"og:site_name\" content=\"Life SuperHero\" \/>\n<meta property=\"article:modified_time\" content=\"2020-11-12T16:04:36+00:00\" \/>\n<meta name=\"twitter:card\" content=\"summary_large_image\" \/>\n<meta name=\"twitter:label1\" content=\"Tempo di lettura stimato\" \/>\n\t<meta name=\"twitter:data1\" content=\"17 minuti\" \/>\n<script type=\"application\/ld+json\" class=\"yoast-schema-graph\">{\"@context\":\"https:\\\/\\\/schema.org\",\"@graph\":[{\"@type\":\"WebPage\",\"@id\":\"https:\\\/\\\/www.lifesuperhero.eu\\\/it\\\/soluzione-proposta\\\/\",\"url\":\"https:\\\/\\\/www.lifesuperhero.eu\\\/it\\\/soluzione-proposta\\\/\",\"name\":\"SOLUZIONE PROPOSTA - Life SuperHero\",\"isPartOf\":{\"@id\":\"https:\\\/\\\/www.lifesuperhero.eu\\\/it\\\/#website\"},\"datePublished\":\"2020-11-12T13:27:47+00:00\",\"dateModified\":\"2020-11-12T16:04:36+00:00\",\"breadcrumb\":{\"@id\":\"https:\\\/\\\/www.lifesuperhero.eu\\\/it\\\/soluzione-proposta\\\/#breadcrumb\"},\"inLanguage\":\"it-IT\",\"potentialAction\":[{\"@type\":\"ReadAction\",\"target\":[\"https:\\\/\\\/www.lifesuperhero.eu\\\/it\\\/soluzione-proposta\\\/\"]}]},{\"@type\":\"BreadcrumbList\",\"@id\":\"https:\\\/\\\/www.lifesuperhero.eu\\\/it\\\/soluzione-proposta\\\/#breadcrumb\",\"itemListElement\":[{\"@type\":\"ListItem\",\"position\":1,\"name\":\"Home\",\"item\":\"https:\\\/\\\/www.lifesuperhero.eu\\\/it\\\/\"},{\"@type\":\"ListItem\",\"position\":2,\"name\":\"SOLUZIONE PROPOSTA\"}]},{\"@type\":\"WebSite\",\"@id\":\"https:\\\/\\\/www.lifesuperhero.eu\\\/it\\\/#website\",\"url\":\"https:\\\/\\\/www.lifesuperhero.eu\\\/it\\\/\",\"name\":\"Life SuperHero\",\"description\":\"SUstainability and PERformances for HEROTILE-based energy efficient roofs\",\"potentialAction\":[{\"@type\":\"SearchAction\",\"target\":{\"@type\":\"EntryPoint\",\"urlTemplate\":\"https:\\\/\\\/www.lifesuperhero.eu\\\/it\\\/?s={search_term_string}\"},\"query-input\":{\"@type\":\"PropertyValueSpecification\",\"valueRequired\":true,\"valueName\":\"search_term_string\"}}],\"inLanguage\":\"it-IT\"}]}<\/script>\n<!-- \/ Yoast SEO plugin. -->","yoast_head_json":{"title":"SOLUZIONE PROPOSTA - Life SuperHero","robots":{"index":"index","follow":"follow","max-snippet":"max-snippet:-1","max-image-preview":"max-image-preview:large","max-video-preview":"max-video-preview:-1"},"canonical":"https:\/\/www.lifesuperhero.eu\/it\/soluzione-proposta\/","og_locale":"it_IT","og_type":"article","og_title":"SOLUZIONE PROPOSTA - Life SuperHero","og_url":"https:\/\/www.lifesuperhero.eu\/it\/soluzione-proposta\/","og_site_name":"Life SuperHero","article_modified_time":"2020-11-12T16:04:36+00:00","twitter_card":"summary_large_image","twitter_misc":{"Tempo di lettura stimato":"17 minuti"},"schema":{"@context":"https:\/\/schema.org","@graph":[{"@type":"WebPage","@id":"https:\/\/www.lifesuperhero.eu\/it\/soluzione-proposta\/","url":"https:\/\/www.lifesuperhero.eu\/it\/soluzione-proposta\/","name":"SOLUZIONE PROPOSTA - Life SuperHero","isPartOf":{"@id":"https:\/\/www.lifesuperhero.eu\/it\/#website"},"datePublished":"2020-11-12T13:27:47+00:00","dateModified":"2020-11-12T16:04:36+00:00","breadcrumb":{"@id":"https:\/\/www.lifesuperhero.eu\/it\/soluzione-proposta\/#breadcrumb"},"inLanguage":"it-IT","potentialAction":[{"@type":"ReadAction","target":["https:\/\/www.lifesuperhero.eu\/it\/soluzione-proposta\/"]}]},{"@type":"BreadcrumbList","@id":"https:\/\/www.lifesuperhero.eu\/it\/soluzione-proposta\/#breadcrumb","itemListElement":[{"@type":"ListItem","position":1,"name":"Home","item":"https:\/\/www.lifesuperhero.eu\/it\/"},{"@type":"ListItem","position":2,"name":"SOLUZIONE PROPOSTA"}]},{"@type":"WebSite","@id":"https:\/\/www.lifesuperhero.eu\/it\/#website","url":"https:\/\/www.lifesuperhero.eu\/it\/","name":"Life SuperHero","description":"SUstainability and PERformances for HEROTILE-based energy efficient roofs","potentialAction":[{"@type":"SearchAction","target":{"@type":"EntryPoint","urlTemplate":"https:\/\/www.lifesuperhero.eu\/it\/?s={search_term_string}"},"query-input":{"@type":"PropertyValueSpecification","valueRequired":true,"valueName":"search_term_string"}}],"inLanguage":"it-IT"}]}},"_links":{"self":[{"href":"https:\/\/www.lifesuperhero.eu\/it\/wp-json\/wp\/v2\/pages\/347","targetHints":{"allow":["GET"]}}],"collection":[{"href":"https:\/\/www.lifesuperhero.eu\/it\/wp-json\/wp\/v2\/pages"}],"about":[{"href":"https:\/\/www.lifesuperhero.eu\/it\/wp-json\/wp\/v2\/types\/page"}],"author":[{"embeddable":true,"href":"https:\/\/www.lifesuperhero.eu\/it\/wp-json\/wp\/v2\/users\/2"}],"replies":[{"embeddable":true,"href":"https:\/\/www.lifesuperhero.eu\/it\/wp-json\/wp\/v2\/comments?post=347"}],"version-history":[{"count":9,"href":"https:\/\/www.lifesuperhero.eu\/it\/wp-json\/wp\/v2\/pages\/347\/revisions"}],"predecessor-version":[{"id":472,"href":"https:\/\/www.lifesuperhero.eu\/it\/wp-json\/wp\/v2\/pages\/347\/revisions\/472"}],"wp:attachment":[{"href":"https:\/\/www.lifesuperhero.eu\/it\/wp-json\/wp\/v2\/media?parent=347"}],"curies":[{"name":"wp","href":"https:\/\/api.w.org\/{rel}","templated":true}]}}