{"id":363,"date":"2020-11-12T14:55:52","date_gmt":"2020-11-12T13:55:52","guid":{"rendered":"https:\/\/www.lifesuperhero.eu\/universita-politecnica-delle-marche\/"},"modified":"2020-11-12T14:55:56","modified_gmt":"2020-11-12T13:55:56","slug":"universita-politecnica-delle-marche","status":"publish","type":"page","link":"https:\/\/www.lifesuperhero.eu\/it\/universita-politecnica-delle-marche\/","title":{"rendered":"Universit\u00e0 Politecnica delle Marche"},"content":{"rendered":"<p><div class=\"fusion-fullwidth fullwidth-box fusion-builder-row-1 fusion-flex-container fusion-parallax-none hundred-percent-fullwidth non-hundred-percent-height-scrolling\" style=\"--awb-background-blend-mode:darken;--awb-border-radius-top-left:0px;--awb-border-radius-top-right:0px;--awb-border-radius-bottom-right:0px;--awb-border-radius-bottom-left:0px;--awb-background-color:rgba(0,0,0,0.5);--awb-background-image:url(&quot;https:\/\/www.lifesuperhero.eu\/wp-content\/uploads\/2020\/08\/roofs-life-superhero.jpg&quot;);--awb-background-size:cover;--awb-flex-wrap:wrap;\" ><div class=\"fusion-builder-row fusion-row fusion-flex-align-items-flex-start fusion-flex-content-wrap\" style=\"width:104% !important;max-width:104% !important;margin-left: calc(-4% \/ 2 );margin-right: calc(-4% \/ 2 );\"><div class=\"fusion-layout-column fusion_builder_column fusion-builder-column-0 fusion_builder_column_1_1 1_1 fusion-flex-column\" style=\"--awb-bg-size:cover;--awb-width-large:100%;--awb-margin-top-large:0px;--awb-spacing-right-large:1.92%;--awb-margin-bottom-large:20px;--awb-spacing-left-large:1.92%;--awb-width-medium:100%;--awb-order-medium:0;--awb-spacing-right-medium:1.92%;--awb-spacing-left-medium:1.92%;--awb-width-small:100%;--awb-order-small:0;--awb-spacing-right-small:1.92%;--awb-spacing-left-small:1.92%;\"><div class=\"fusion-column-wrapper fusion-column-has-shadow fusion-flex-justify-content-flex-start fusion-content-layout-column\"><div class=\"fusion-separator fusion-full-width-sep\" style=\"align-self: center;margin-left: auto;margin-right: auto;margin-top:50px;margin-bottom:20px;width:100%;\"><\/div><div class=\"fusion-title title fusion-title-1 fusion-title-text fusion-title-size-one\" style=\"--awb-text-color:#ffffff;--awb-margin-top-small:10px;--awb-margin-right-small:0px;--awb-margin-bottom-small:10px;--awb-margin-left-small:0px;--awb-sep-color:#ffffff;\"><div class=\"title-sep-container title-sep-container-left fusion-no-large-visibility fusion-no-medium-visibility fusion-no-small-visibility\"><div class=\"title-sep sep-double sep-dashed\" style=\"border-color:#ffffff;\"><\/div><\/div><span class=\"awb-title-spacer fusion-no-large-visibility fusion-no-medium-visibility fusion-no-small-visibility\"><\/span><h1 class=\"fusion-title-heading title-heading-left\" style=\"margin:0;\">UNIVERSIT\u00c0 POLITECNICA DELLE MARCHE<\/h1><span class=\"awb-title-spacer\"><\/span><div class=\"title-sep-container title-sep-container-right\"><div class=\"title-sep sep-double sep-dashed\" style=\"border-color:#ffffff;\"><\/div><\/div><\/div><div class=\"fusion-separator fusion-full-width-sep\" style=\"align-self: center;margin-left: auto;margin-right: auto;margin-top:50px;margin-bottom:20px;width:100%;\"><\/div><\/div><\/div><\/div><\/div><div class=\"fusion-fullwidth fullwidth-box fusion-builder-row-2 fusion-flex-container nonhundred-percent-fullwidth non-hundred-percent-height-scrolling\" style=\"--awb-border-radius-top-left:0px;--awb-border-radius-top-right:0px;--awb-border-radius-bottom-right:0px;--awb-border-radius-bottom-left:0px;--awb-flex-wrap:wrap;\" ><div class=\"fusion-builder-row fusion-row fusion-flex-align-items-flex-start fusion-flex-content-wrap\" style=\"max-width:1248px;margin-left: calc(-4% \/ 2 );margin-right: calc(-4% \/ 2 );\"><div class=\"fusion-layout-column fusion_builder_column fusion-builder-column-1 fusion_builder_column_2_3 2_3 fusion-flex-column\" style=\"--awb-bg-size:cover;--awb-width-large:66.666666666667%;--awb-margin-top-large:0px;--awb-spacing-right-large:2.88%;--awb-margin-bottom-large:20px;--awb-spacing-left-large:2.88%;--awb-width-medium:66.666666666667%;--awb-order-medium:0;--awb-spacing-right-medium:2.88%;--awb-spacing-left-medium:2.88%;--awb-width-small:100%;--awb-order-small:0;--awb-spacing-right-small:1.92%;--awb-spacing-left-small:1.92%;\"><div class=\"fusion-column-wrapper fusion-column-has-shadow fusion-flex-justify-content-flex-start fusion-content-layout-column\"><div class=\"fusion-separator fusion-full-width-sep\" style=\"align-self: center;margin-left: auto;margin-right: auto;margin-top:50px;margin-bottom:20px;width:100%;\"><\/div><div class=\"fusion-text fusion-text-1\"><p><img decoding=\"async\" class=\"wp-image-271 size-full alignleft\" src=\"https:\/\/www.lifesuperhero.eu\/wp-content\/uploads\/2020\/10\/Universita-Politecnica-delle-Marche.jpg\" alt=\"Universit\u00e0 Politecnica delle Marche\" width=\"150\" height=\"150\" srcset=\"https:\/\/www.lifesuperhero.eu\/wp-content\/uploads\/2020\/10\/Universita-Politecnica-delle-Marche-66x66.jpg 66w, https:\/\/www.lifesuperhero.eu\/wp-content\/uploads\/2020\/10\/Universita-Politecnica-delle-Marche.jpg 150w\" sizes=\"(max-width: 150px) 100vw, 150px\" \/><\/p>\n<p>L&#8217;Universit\u00e0 Politecnica delle Marche \u00e8 un&#8217;universit\u00e0 pubblica di insegnamento e ricerca, caratterizzata da una vocazione tecnico-scientifica. Lo staff che opera presso UNIVPM \u00e8 composto da circa 750 docenti e ricercatori, 500 impiegati amministrativi e tecnici. UNIVPM ha partecipato a oltre 50 progetti di ricerca europei altamente competitivi (FP7, H2020, LIFE) e<br \/>\nUNIVPM, attraverso il supporto delle proprie divisioni internazionali di ricerca e dei responsabili del personale dedicato, partecipa a numerosi programmi che promuovono e sostengono la ricerca, la collaborazione internazionale e la mobilit\u00e0. UNIVPM \u00e8 particolarmente attiva nell&#8217;ambito della politica di Cooperazione Territoriale Europea &#8211; programmi Interreg che mirano a realizzare azioni congiunte e scambi politici tra attori nazionali, regionali e locali dell&#8217;area Adriatica e promuovere uno sviluppo economico, sociale e territoriale armonioso dell&#8217;Area Adriatica nel complesso.<\/p>\n<p><strong>SITO WEB:<\/strong> <a href=\"https:\/\/www.univpm.it\/\" target=\"_blank\" rel=\"noopener noreferrer\">www.univpm.it<\/a><\/p>\n<\/div><\/div><\/div><div class=\"fusion-layout-column fusion_builder_column fusion-builder-column-2 fusion_builder_column_1_3 1_3 fusion-flex-column\" style=\"--awb-bg-size:cover;--awb-width-large:33.333333333333%;--awb-margin-top-large:0px;--awb-spacing-right-large:5.76%;--awb-margin-bottom-large:20px;--awb-spacing-left-large:5.76%;--awb-width-medium:33.333333333333%;--awb-order-medium:0;--awb-spacing-right-medium:5.76%;--awb-spacing-left-medium:5.76%;--awb-width-small:100%;--awb-order-small:0;--awb-spacing-right-small:1.92%;--awb-spacing-left-small:1.92%;\"><div class=\"fusion-column-wrapper fusion-column-has-shadow fusion-flex-justify-content-flex-start fusion-content-layout-column\"><div class=\"fusion-separator fusion-full-width-sep\" style=\"align-self: center;margin-left: auto;margin-right: auto;margin-top:50px;margin-bottom:20px;width:100%;\"><\/div><div class=\"fusion-image-element \" style=\"text-align:center;--awb-caption-title-font-family:var(--h2_typography-font-family);--awb-caption-title-font-weight:var(--h2_typography-font-weight);--awb-caption-title-font-style:var(--h2_typography-font-style);--awb-caption-title-size:var(--h2_typography-font-size);--awb-caption-title-transform:var(--h2_typography-text-transform);--awb-caption-title-line-height:var(--h2_typography-line-height);--awb-caption-title-letter-spacing:var(--h2_typography-letter-spacing);\"><span class=\" fusion-imageframe imageframe-none imageframe-1 hover-type-none\"><img decoding=\"async\" width=\"500\" height=\"500\" alt=\"life-superhero-consorzio-italia\" title=\"life-superhero-consorzio-italia\" src=\"https:\/\/www.lifesuperhero.eu\/wp-content\/uploads\/2020\/10\/life-superhero-consorzio-itally.jpg\" class=\"img-responsive wp-image-285\" srcset=\"https:\/\/www.lifesuperhero.eu\/wp-content\/uploads\/2020\/10\/life-superhero-consorzio-itally-200x200.jpg 200w, https:\/\/www.lifesuperhero.eu\/wp-content\/uploads\/2020\/10\/life-superhero-consorzio-itally-400x400.jpg 400w, https:\/\/www.lifesuperhero.eu\/wp-content\/uploads\/2020\/10\/life-superhero-consorzio-itally.jpg 500w\" sizes=\"(max-width: 640px) 100vw, 400px\" \/><\/span><\/div><\/div><\/div><\/div><\/div><\/p>\n","protected":false},"excerpt":{"rendered":"","protected":false},"author":2,"featured_media":0,"parent":0,"menu_order":0,"comment_status":"closed","ping_status":"closed","template":"100-width.php","meta":{"_bbp_topic_count":0,"_bbp_reply_count":0,"_bbp_total_topic_count":0,"_bbp_total_reply_count":0,"_bbp_voice_count":0,"_bbp_anonymous_reply_count":0,"_bbp_topic_count_hidden":0,"_bbp_reply_count_hidden":0,"_bbp_forum_subforum_count":0,"footnotes":""},"class_list":["post-363","page","type-page","status-publish","hentry"],"yoast_head":"<!-- This site is optimized with the Yoast SEO plugin v26.8 - https:\/\/yoast.com\/product\/yoast-seo-wordpress\/ -->\n<title>Universit\u00e0 Politecnica delle Marche - Life SuperHero<\/title>\n<meta name=\"robots\" content=\"index, follow, max-snippet:-1, max-image-preview:large, max-video-preview:-1\" \/>\n<link rel=\"canonical\" href=\"https:\/\/www.lifesuperhero.eu\/it\/universita-politecnica-delle-marche\/\" \/>\n<meta property=\"og:locale\" content=\"it_IT\" \/>\n<meta property=\"og:type\" content=\"article\" \/>\n<meta property=\"og:title\" content=\"Universit\u00e0 Politecnica delle Marche - Life SuperHero\" \/>\n<meta property=\"og:url\" content=\"https:\/\/www.lifesuperhero.eu\/it\/universita-politecnica-delle-marche\/\" \/>\n<meta property=\"og:site_name\" content=\"Life SuperHero\" \/>\n<meta property=\"article:modified_time\" content=\"2020-11-12T13:55:56+00:00\" \/>\n<meta property=\"og:image\" content=\"https:\/\/www.lifesuperhero.eu\/wp-content\/uploads\/2020\/10\/Universita-Politecnica-delle-Marche.jpg\" \/>\n<meta name=\"twitter:card\" content=\"summary_large_image\" \/>\n<meta name=\"twitter:label1\" content=\"Tempo di lettura stimato\" \/>\n\t<meta name=\"twitter:data1\" content=\"9 minuti\" \/>\n<script type=\"application\/ld+json\" class=\"yoast-schema-graph\">{\"@context\":\"https:\/\/schema.org\",\"@graph\":[{\"@type\":\"WebPage\",\"@id\":\"https:\/\/www.lifesuperhero.eu\/it\/universita-politecnica-delle-marche\/\",\"url\":\"https:\/\/www.lifesuperhero.eu\/it\/universita-politecnica-delle-marche\/\",\"name\":\"Universit\u00e0 Politecnica delle Marche - Life SuperHero\",\"isPartOf\":{\"@id\":\"https:\/\/www.lifesuperhero.eu\/it\/#website\"},\"primaryImageOfPage\":{\"@id\":\"https:\/\/www.lifesuperhero.eu\/it\/universita-politecnica-delle-marche\/#primaryimage\"},\"image\":{\"@id\":\"https:\/\/www.lifesuperhero.eu\/it\/universita-politecnica-delle-marche\/#primaryimage\"},\"thumbnailUrl\":\"https:\/\/www.lifesuperhero.eu\/wp-content\/uploads\/2020\/10\/Universita-Politecnica-delle-Marche.jpg\",\"datePublished\":\"2020-11-12T13:55:52+00:00\",\"dateModified\":\"2020-11-12T13:55:56+00:00\",\"breadcrumb\":{\"@id\":\"https:\/\/www.lifesuperhero.eu\/it\/universita-politecnica-delle-marche\/#breadcrumb\"},\"inLanguage\":\"it-IT\",\"potentialAction\":[{\"@type\":\"ReadAction\",\"target\":[\"https:\/\/www.lifesuperhero.eu\/it\/universita-politecnica-delle-marche\/\"]}]},{\"@type\":\"ImageObject\",\"inLanguage\":\"it-IT\",\"@id\":\"https:\/\/www.lifesuperhero.eu\/it\/universita-politecnica-delle-marche\/#primaryimage\",\"url\":\"https:\/\/www.lifesuperhero.eu\/wp-content\/uploads\/2020\/10\/Universita-Politecnica-delle-Marche.jpg\",\"contentUrl\":\"https:\/\/www.lifesuperhero.eu\/wp-content\/uploads\/2020\/10\/Universita-Politecnica-delle-Marche.jpg\"},{\"@type\":\"BreadcrumbList\",\"@id\":\"https:\/\/www.lifesuperhero.eu\/it\/universita-politecnica-delle-marche\/#breadcrumb\",\"itemListElement\":[{\"@type\":\"ListItem\",\"position\":1,\"name\":\"Home\",\"item\":\"https:\/\/www.lifesuperhero.eu\/it\/\"},{\"@type\":\"ListItem\",\"position\":2,\"name\":\"Universit\u00e0 Politecnica delle Marche\"}]},{\"@type\":\"WebSite\",\"@id\":\"https:\/\/www.lifesuperhero.eu\/it\/#website\",\"url\":\"https:\/\/www.lifesuperhero.eu\/it\/\",\"name\":\"Life SuperHero\",\"description\":\"SUstainability and PERformances for HEROTILE-based energy efficient roofs\",\"potentialAction\":[{\"@type\":\"SearchAction\",\"target\":{\"@type\":\"EntryPoint\",\"urlTemplate\":\"https:\/\/www.lifesuperhero.eu\/it\/?s={search_term_string}\"},\"query-input\":{\"@type\":\"PropertyValueSpecification\",\"valueRequired\":true,\"valueName\":\"search_term_string\"}}],\"inLanguage\":\"it-IT\"}]}<\/script>\n<!-- \/ Yoast SEO plugin. -->","yoast_head_json":{"title":"Universit\u00e0 Politecnica delle Marche - Life SuperHero","robots":{"index":"index","follow":"follow","max-snippet":"max-snippet:-1","max-image-preview":"max-image-preview:large","max-video-preview":"max-video-preview:-1"},"canonical":"https:\/\/www.lifesuperhero.eu\/it\/universita-politecnica-delle-marche\/","og_locale":"it_IT","og_type":"article","og_title":"Universit\u00e0 Politecnica delle Marche - Life SuperHero","og_url":"https:\/\/www.lifesuperhero.eu\/it\/universita-politecnica-delle-marche\/","og_site_name":"Life SuperHero","article_modified_time":"2020-11-12T13:55:56+00:00","og_image":[{"url":"https:\/\/www.lifesuperhero.eu\/wp-content\/uploads\/2020\/10\/Universita-Politecnica-delle-Marche.jpg","type":"","width":"","height":""}],"twitter_card":"summary_large_image","twitter_misc":{"Tempo di lettura stimato":"9 minuti"},"schema":{"@context":"https:\/\/schema.org","@graph":[{"@type":"WebPage","@id":"https:\/\/www.lifesuperhero.eu\/it\/universita-politecnica-delle-marche\/","url":"https:\/\/www.lifesuperhero.eu\/it\/universita-politecnica-delle-marche\/","name":"Universit\u00e0 Politecnica delle Marche - Life SuperHero","isPartOf":{"@id":"https:\/\/www.lifesuperhero.eu\/it\/#website"},"primaryImageOfPage":{"@id":"https:\/\/www.lifesuperhero.eu\/it\/universita-politecnica-delle-marche\/#primaryimage"},"image":{"@id":"https:\/\/www.lifesuperhero.eu\/it\/universita-politecnica-delle-marche\/#primaryimage"},"thumbnailUrl":"https:\/\/www.lifesuperhero.eu\/wp-content\/uploads\/2020\/10\/Universita-Politecnica-delle-Marche.jpg","datePublished":"2020-11-12T13:55:52+00:00","dateModified":"2020-11-12T13:55:56+00:00","breadcrumb":{"@id":"https:\/\/www.lifesuperhero.eu\/it\/universita-politecnica-delle-marche\/#breadcrumb"},"inLanguage":"it-IT","potentialAction":[{"@type":"ReadAction","target":["https:\/\/www.lifesuperhero.eu\/it\/universita-politecnica-delle-marche\/"]}]},{"@type":"ImageObject","inLanguage":"it-IT","@id":"https:\/\/www.lifesuperhero.eu\/it\/universita-politecnica-delle-marche\/#primaryimage","url":"https:\/\/www.lifesuperhero.eu\/wp-content\/uploads\/2020\/10\/Universita-Politecnica-delle-Marche.jpg","contentUrl":"https:\/\/www.lifesuperhero.eu\/wp-content\/uploads\/2020\/10\/Universita-Politecnica-delle-Marche.jpg"},{"@type":"BreadcrumbList","@id":"https:\/\/www.lifesuperhero.eu\/it\/universita-politecnica-delle-marche\/#breadcrumb","itemListElement":[{"@type":"ListItem","position":1,"name":"Home","item":"https:\/\/www.lifesuperhero.eu\/it\/"},{"@type":"ListItem","position":2,"name":"Universit\u00e0 Politecnica delle Marche"}]},{"@type":"WebSite","@id":"https:\/\/www.lifesuperhero.eu\/it\/#website","url":"https:\/\/www.lifesuperhero.eu\/it\/","name":"Life SuperHero","description":"SUstainability and PERformances for HEROTILE-based energy efficient roofs","potentialAction":[{"@type":"SearchAction","target":{"@type":"EntryPoint","urlTemplate":"https:\/\/www.lifesuperhero.eu\/it\/?s={search_term_string}"},"query-input":{"@type":"PropertyValueSpecification","valueRequired":true,"valueName":"search_term_string"}}],"inLanguage":"it-IT"}]}},"_links":{"self":[{"href":"https:\/\/www.lifesuperhero.eu\/it\/wp-json\/wp\/v2\/pages\/363","targetHints":{"allow":["GET"]}}],"collection":[{"href":"https:\/\/www.lifesuperhero.eu\/it\/wp-json\/wp\/v2\/pages"}],"about":[{"href":"https:\/\/www.lifesuperhero.eu\/it\/wp-json\/wp\/v2\/types\/page"}],"author":[{"embeddable":true,"href":"https:\/\/www.lifesuperhero.eu\/it\/wp-json\/wp\/v2\/users\/2"}],"replies":[{"embeddable":true,"href":"https:\/\/www.lifesuperhero.eu\/it\/wp-json\/wp\/v2\/comments?post=363"}],"version-history":[{"count":5,"href":"https:\/\/www.lifesuperhero.eu\/it\/wp-json\/wp\/v2\/pages\/363\/revisions"}],"predecessor-version":[{"id":369,"href":"https:\/\/www.lifesuperhero.eu\/it\/wp-json\/wp\/v2\/pages\/363\/revisions\/369"}],"wp:attachment":[{"href":"https:\/\/www.lifesuperhero.eu\/it\/wp-json\/wp\/v2\/media?parent=363"}],"curies":[{"name":"wp","href":"https:\/\/api.w.org\/{rel}","templated":true}]}}