{"id":427,"date":"2020-11-12T15:35:53","date_gmt":"2020-11-12T14:35:53","guid":{"rendered":"https:\/\/www.lifesuperhero.eu\/edilians-sas\/"},"modified":"2020-11-12T15:35:55","modified_gmt":"2020-11-12T14:35:55","slug":"edilians-sas","status":"publish","type":"page","link":"https:\/\/www.lifesuperhero.eu\/it\/edilians-sas\/","title":{"rendered":"Edilians SAS"},"content":{"rendered":"<p><div class=\"fusion-fullwidth fullwidth-box fusion-builder-row-1 fusion-flex-container fusion-parallax-none hundred-percent-fullwidth non-hundred-percent-height-scrolling\" style=\"--awb-background-blend-mode:darken;--awb-border-radius-top-left:0px;--awb-border-radius-top-right:0px;--awb-border-radius-bottom-right:0px;--awb-border-radius-bottom-left:0px;--awb-background-color:rgba(0,0,0,0.5);--awb-background-image:url(&quot;https:\/\/www.lifesuperhero.eu\/wp-content\/uploads\/2020\/08\/roofs-life-superhero.jpg&quot;);--awb-background-size:cover;--awb-flex-wrap:wrap;\" ><div class=\"fusion-builder-row fusion-row fusion-flex-align-items-flex-start fusion-flex-content-wrap\" style=\"width:104% !important;max-width:104% !important;margin-left: calc(-4% \/ 2 );margin-right: calc(-4% \/ 2 );\"><div class=\"fusion-layout-column fusion_builder_column fusion-builder-column-0 fusion_builder_column_1_1 1_1 fusion-flex-column\" style=\"--awb-bg-size:cover;--awb-width-large:100%;--awb-margin-top-large:0px;--awb-spacing-right-large:1.92%;--awb-margin-bottom-large:20px;--awb-spacing-left-large:1.92%;--awb-width-medium:100%;--awb-order-medium:0;--awb-spacing-right-medium:1.92%;--awb-spacing-left-medium:1.92%;--awb-width-small:100%;--awb-order-small:0;--awb-spacing-right-small:1.92%;--awb-spacing-left-small:1.92%;\"><div class=\"fusion-column-wrapper fusion-column-has-shadow fusion-flex-justify-content-flex-start fusion-content-layout-column\"><div class=\"fusion-separator fusion-full-width-sep\" style=\"align-self: center;margin-left: auto;margin-right: auto;margin-top:50px;margin-bottom:20px;width:100%;\"><\/div><div class=\"fusion-title title fusion-title-1 fusion-title-text fusion-title-size-one\" style=\"--awb-text-color:#ffffff;--awb-margin-top-small:10px;--awb-margin-right-small:0px;--awb-margin-bottom-small:10px;--awb-margin-left-small:0px;--awb-sep-color:#ffffff;\"><div class=\"title-sep-container title-sep-container-left fusion-no-large-visibility fusion-no-medium-visibility fusion-no-small-visibility\"><div class=\"title-sep sep-double sep-dashed\" style=\"border-color:#ffffff;\"><\/div><\/div><span class=\"awb-title-spacer fusion-no-large-visibility fusion-no-medium-visibility fusion-no-small-visibility\"><\/span><h1 class=\"fusion-title-heading title-heading-left\" style=\"margin:0;\">EDILIANS SAS<\/h1><span class=\"awb-title-spacer\"><\/span><div class=\"title-sep-container title-sep-container-right\"><div class=\"title-sep sep-double sep-dashed\" style=\"border-color:#ffffff;\"><\/div><\/div><\/div><div class=\"fusion-separator fusion-full-width-sep\" style=\"align-self: center;margin-left: auto;margin-right: auto;margin-top:50px;margin-bottom:20px;width:100%;\"><\/div><\/div><\/div><\/div><\/div><div class=\"fusion-fullwidth fullwidth-box fusion-builder-row-2 fusion-flex-container nonhundred-percent-fullwidth non-hundred-percent-height-scrolling\" style=\"--awb-border-radius-top-left:0px;--awb-border-radius-top-right:0px;--awb-border-radius-bottom-right:0px;--awb-border-radius-bottom-left:0px;--awb-flex-wrap:wrap;\" ><div class=\"fusion-builder-row fusion-row fusion-flex-align-items-flex-start fusion-flex-content-wrap\" style=\"max-width:1248px;margin-left: calc(-4% \/ 2 );margin-right: calc(-4% \/ 2 );\"><div class=\"fusion-layout-column fusion_builder_column fusion-builder-column-1 fusion_builder_column_2_3 2_3 fusion-flex-column\" style=\"--awb-bg-size:cover;--awb-width-large:66.666666666667%;--awb-margin-top-large:0px;--awb-spacing-right-large:2.88%;--awb-margin-bottom-large:20px;--awb-spacing-left-large:2.88%;--awb-width-medium:66.666666666667%;--awb-order-medium:0;--awb-spacing-right-medium:2.88%;--awb-spacing-left-medium:2.88%;--awb-width-small:100%;--awb-order-small:0;--awb-spacing-right-small:1.92%;--awb-spacing-left-small:1.92%;\"><div class=\"fusion-column-wrapper fusion-column-has-shadow fusion-flex-justify-content-flex-start fusion-content-layout-column\"><div class=\"fusion-separator fusion-full-width-sep\" style=\"align-self: center;margin-left: auto;margin-right: auto;margin-top:50px;margin-bottom:20px;width:100%;\"><\/div><div class=\"fusion-text fusion-text-1\"><p><img decoding=\"async\" class=\"wp-image-267 size-full alignleft\" src=\"https:\/\/www.lifesuperhero.eu\/wp-content\/uploads\/2020\/10\/Logo-EDILIANS.jpg\" alt=\"\" width=\"150\" height=\"150\" srcset=\"https:\/\/www.lifesuperhero.eu\/wp-content\/uploads\/2020\/10\/Logo-EDILIANS-66x66.jpg 66w, https:\/\/www.lifesuperhero.eu\/wp-content\/uploads\/2020\/10\/Logo-EDILIANS.jpg 150w\" sizes=\"(max-width: 150px) 100vw, 150px\" \/>EDILIANS \u00e8 uno dei principali attori sul mercato francese dei componenti per l&#8217;edilizia con pi\u00f9 di 1.1000 dipendenti con un fatturato di 300 milioni di euro nel 2018. EDILIANS \u00e8 il principale attore del mercato delle tegole e pu\u00f2 offrire una gamma completa di prodotti per coperture, tegole e accessori coerenti con le esigenze locali, pannelli fotovoltaici e solari, che garantiscono una perfetta tenuta all&#8217;acqua grazie ad un innovativo sistema di integrazione nel tetto. EDILIAN Roof Tiles nasce su un importante patrimonio industriale, in quanto nel 1811 nasce la prima fabbrica in Europa. \u00c8 dal 1841 che si pu\u00f2 iniziare a parlare di industrializzazione, con il mattonificio Gilardoni e l&#8217;invenzione delle tegole a macchina da parte del Fratelli Gilardoni. Il luogo di nascita della moderna tegola in argilla sarebbe poi diventato il marchio Huguenot Fenal, e successivamente le tegole IMERYS e oggi EDILIANS. Oggi EDILIANS Roof Tiles si compone di 13 siti industriali e si avvale della competenza del proprio personale oltre che di quella dei team di Ricerca e Tecnologia del gruppo EDILIANS (240 ingegneri e tecnici, 14 laboratori) sia in termini di procedure che di nuovi prodotti. L&#8217;azienda progetta, sviluppa e vende sistemi di energia rinnovabile per gli edifici. EDILIANS ha un forte know-how ed esperienza pluriennale sui sistemi BIPV, in particolare tegole fotovoltaiche basate su substrati argillosi e su sistemi di raccolta del calore con sistemi termodinamici.<br \/>\nIn qualit\u00e0 di attore sulla scena mondiale, EDILIANS Roof Tiles \u00e8 particolarmente sensibile ai problemi dello sviluppo sostenibile e si impegna a migliorare continuamente i propri processi industriali. Pertanto, tutto il lavoro di estrazione avviene in consultazione con la popolazione locale e nel rispetto dei vincoli ambientali. Tutti i siti sono certificati ISO 14001 e l&#8217;azienda si impegna a migliorare le politiche di sviluppo sostenibile rispettando gli standard dell&#8217;Accordo di Kyoto e ottimizzando i consumi energetici dei siti industriali.<\/p>\n<p><strong>SITO WEB:<\/strong> <a href=\"https:\/\/edilians.eu\/\" target=\"_blank\" rel=\"noopener noreferrer\">edilians.eu<\/a><\/p>\n<\/div><\/div><\/div><div class=\"fusion-layout-column fusion_builder_column fusion-builder-column-2 fusion_builder_column_1_3 1_3 fusion-flex-column\" style=\"--awb-bg-size:cover;--awb-width-large:33.333333333333%;--awb-margin-top-large:0px;--awb-spacing-right-large:5.76%;--awb-margin-bottom-large:20px;--awb-spacing-left-large:5.76%;--awb-width-medium:33.333333333333%;--awb-order-medium:0;--awb-spacing-right-medium:5.76%;--awb-spacing-left-medium:5.76%;--awb-width-small:100%;--awb-order-small:0;--awb-spacing-right-small:1.92%;--awb-spacing-left-small:1.92%;\"><div class=\"fusion-column-wrapper fusion-column-has-shadow fusion-flex-justify-content-flex-start fusion-content-layout-column\"><div class=\"fusion-separator fusion-full-width-sep\" style=\"align-self: center;margin-left: auto;margin-right: auto;margin-top:50px;margin-bottom:20px;width:100%;\"><\/div><div class=\"fusion-image-element \" style=\"text-align:center;--awb-caption-title-font-family:var(--h2_typography-font-family);--awb-caption-title-font-weight:var(--h2_typography-font-weight);--awb-caption-title-font-style:var(--h2_typography-font-style);--awb-caption-title-size:var(--h2_typography-font-size);--awb-caption-title-transform:var(--h2_typography-text-transform);--awb-caption-title-line-height:var(--h2_typography-line-height);--awb-caption-title-letter-spacing:var(--h2_typography-letter-spacing);\"><span class=\" fusion-imageframe imageframe-none imageframe-1 hover-type-none\"><img decoding=\"async\" width=\"500\" height=\"500\" alt=\"life-superhero-cartina-consorzio-france\" title=\"life-superhero-cartina-consorzio-france\" src=\"https:\/\/www.lifesuperhero.eu\/wp-content\/uploads\/2020\/10\/life-superhero-cartina-consorzio-france.jpg\" class=\"img-responsive wp-image-290\" srcset=\"https:\/\/www.lifesuperhero.eu\/wp-content\/uploads\/2020\/10\/life-superhero-cartina-consorzio-france-200x200.jpg 200w, https:\/\/www.lifesuperhero.eu\/wp-content\/uploads\/2020\/10\/life-superhero-cartina-consorzio-france-400x400.jpg 400w, https:\/\/www.lifesuperhero.eu\/wp-content\/uploads\/2020\/10\/life-superhero-cartina-consorzio-france.jpg 500w\" sizes=\"(max-width: 640px) 100vw, 400px\" \/><\/span><\/div><\/div><\/div><\/div><\/div><\/p>\n","protected":false},"excerpt":{"rendered":"","protected":false},"author":2,"featured_media":0,"parent":0,"menu_order":0,"comment_status":"closed","ping_status":"closed","template":"100-width.php","meta":{"_bbp_topic_count":0,"_bbp_reply_count":0,"_bbp_total_topic_count":0,"_bbp_total_reply_count":0,"_bbp_voice_count":0,"_bbp_anonymous_reply_count":0,"_bbp_topic_count_hidden":0,"_bbp_reply_count_hidden":0,"_bbp_forum_subforum_count":0,"footnotes":""},"class_list":["post-427","page","type-page","status-publish","hentry"],"yoast_head":"<!-- This site is optimized with the Yoast SEO plugin v27.4 - https:\/\/yoast.com\/product\/yoast-seo-wordpress\/ -->\n<title>Edilians SAS - Life SuperHero<\/title>\n<meta name=\"robots\" content=\"index, follow, max-snippet:-1, max-image-preview:large, max-video-preview:-1\" \/>\n<link rel=\"canonical\" href=\"https:\/\/www.lifesuperhero.eu\/it\/edilians-sas\/\" \/>\n<meta property=\"og:locale\" content=\"it_IT\" \/>\n<meta property=\"og:type\" content=\"article\" \/>\n<meta property=\"og:title\" content=\"Edilians SAS - Life SuperHero\" \/>\n<meta property=\"og:url\" content=\"https:\/\/www.lifesuperhero.eu\/it\/edilians-sas\/\" \/>\n<meta property=\"og:site_name\" content=\"Life SuperHero\" \/>\n<meta property=\"article:modified_time\" content=\"2020-11-12T14:35:55+00:00\" \/>\n<meta property=\"og:image\" content=\"https:\/\/www.lifesuperhero.eu\/wp-content\/uploads\/2020\/10\/Logo-EDILIANS.jpg\" \/>\n<meta name=\"twitter:card\" content=\"summary_large_image\" \/>\n<meta name=\"twitter:label1\" content=\"Tempo di lettura stimato\" \/>\n\t<meta name=\"twitter:data1\" content=\"10 minuti\" \/>\n<script type=\"application\/ld+json\" class=\"yoast-schema-graph\">{\"@context\":\"https:\\\/\\\/schema.org\",\"@graph\":[{\"@type\":\"WebPage\",\"@id\":\"https:\\\/\\\/www.lifesuperhero.eu\\\/it\\\/edilians-sas\\\/\",\"url\":\"https:\\\/\\\/www.lifesuperhero.eu\\\/it\\\/edilians-sas\\\/\",\"name\":\"Edilians SAS - Life SuperHero\",\"isPartOf\":{\"@id\":\"https:\\\/\\\/www.lifesuperhero.eu\\\/it\\\/#website\"},\"primaryImageOfPage\":{\"@id\":\"https:\\\/\\\/www.lifesuperhero.eu\\\/it\\\/edilians-sas\\\/#primaryimage\"},\"image\":{\"@id\":\"https:\\\/\\\/www.lifesuperhero.eu\\\/it\\\/edilians-sas\\\/#primaryimage\"},\"thumbnailUrl\":\"https:\\\/\\\/www.lifesuperhero.eu\\\/wp-content\\\/uploads\\\/2020\\\/10\\\/Logo-EDILIANS.jpg\",\"datePublished\":\"2020-11-12T14:35:53+00:00\",\"dateModified\":\"2020-11-12T14:35:55+00:00\",\"breadcrumb\":{\"@id\":\"https:\\\/\\\/www.lifesuperhero.eu\\\/it\\\/edilians-sas\\\/#breadcrumb\"},\"inLanguage\":\"it-IT\",\"potentialAction\":[{\"@type\":\"ReadAction\",\"target\":[\"https:\\\/\\\/www.lifesuperhero.eu\\\/it\\\/edilians-sas\\\/\"]}]},{\"@type\":\"ImageObject\",\"inLanguage\":\"it-IT\",\"@id\":\"https:\\\/\\\/www.lifesuperhero.eu\\\/it\\\/edilians-sas\\\/#primaryimage\",\"url\":\"https:\\\/\\\/www.lifesuperhero.eu\\\/wp-content\\\/uploads\\\/2020\\\/10\\\/Logo-EDILIANS.jpg\",\"contentUrl\":\"https:\\\/\\\/www.lifesuperhero.eu\\\/wp-content\\\/uploads\\\/2020\\\/10\\\/Logo-EDILIANS.jpg\"},{\"@type\":\"BreadcrumbList\",\"@id\":\"https:\\\/\\\/www.lifesuperhero.eu\\\/it\\\/edilians-sas\\\/#breadcrumb\",\"itemListElement\":[{\"@type\":\"ListItem\",\"position\":1,\"name\":\"Home\",\"item\":\"https:\\\/\\\/www.lifesuperhero.eu\\\/it\\\/\"},{\"@type\":\"ListItem\",\"position\":2,\"name\":\"Edilians SAS\"}]},{\"@type\":\"WebSite\",\"@id\":\"https:\\\/\\\/www.lifesuperhero.eu\\\/it\\\/#website\",\"url\":\"https:\\\/\\\/www.lifesuperhero.eu\\\/it\\\/\",\"name\":\"Life SuperHero\",\"description\":\"SUstainability and PERformances for HEROTILE-based energy efficient roofs\",\"potentialAction\":[{\"@type\":\"SearchAction\",\"target\":{\"@type\":\"EntryPoint\",\"urlTemplate\":\"https:\\\/\\\/www.lifesuperhero.eu\\\/it\\\/?s={search_term_string}\"},\"query-input\":{\"@type\":\"PropertyValueSpecification\",\"valueRequired\":true,\"valueName\":\"search_term_string\"}}],\"inLanguage\":\"it-IT\"}]}<\/script>\n<!-- \/ Yoast SEO plugin. -->","yoast_head_json":{"title":"Edilians SAS - Life SuperHero","robots":{"index":"index","follow":"follow","max-snippet":"max-snippet:-1","max-image-preview":"max-image-preview:large","max-video-preview":"max-video-preview:-1"},"canonical":"https:\/\/www.lifesuperhero.eu\/it\/edilians-sas\/","og_locale":"it_IT","og_type":"article","og_title":"Edilians SAS - Life SuperHero","og_url":"https:\/\/www.lifesuperhero.eu\/it\/edilians-sas\/","og_site_name":"Life SuperHero","article_modified_time":"2020-11-12T14:35:55+00:00","og_image":[{"url":"https:\/\/www.lifesuperhero.eu\/wp-content\/uploads\/2020\/10\/Logo-EDILIANS.jpg","type":"","width":"","height":""}],"twitter_card":"summary_large_image","twitter_misc":{"Tempo di lettura stimato":"10 minuti"},"schema":{"@context":"https:\/\/schema.org","@graph":[{"@type":"WebPage","@id":"https:\/\/www.lifesuperhero.eu\/it\/edilians-sas\/","url":"https:\/\/www.lifesuperhero.eu\/it\/edilians-sas\/","name":"Edilians SAS - Life SuperHero","isPartOf":{"@id":"https:\/\/www.lifesuperhero.eu\/it\/#website"},"primaryImageOfPage":{"@id":"https:\/\/www.lifesuperhero.eu\/it\/edilians-sas\/#primaryimage"},"image":{"@id":"https:\/\/www.lifesuperhero.eu\/it\/edilians-sas\/#primaryimage"},"thumbnailUrl":"https:\/\/www.lifesuperhero.eu\/wp-content\/uploads\/2020\/10\/Logo-EDILIANS.jpg","datePublished":"2020-11-12T14:35:53+00:00","dateModified":"2020-11-12T14:35:55+00:00","breadcrumb":{"@id":"https:\/\/www.lifesuperhero.eu\/it\/edilians-sas\/#breadcrumb"},"inLanguage":"it-IT","potentialAction":[{"@type":"ReadAction","target":["https:\/\/www.lifesuperhero.eu\/it\/edilians-sas\/"]}]},{"@type":"ImageObject","inLanguage":"it-IT","@id":"https:\/\/www.lifesuperhero.eu\/it\/edilians-sas\/#primaryimage","url":"https:\/\/www.lifesuperhero.eu\/wp-content\/uploads\/2020\/10\/Logo-EDILIANS.jpg","contentUrl":"https:\/\/www.lifesuperhero.eu\/wp-content\/uploads\/2020\/10\/Logo-EDILIANS.jpg"},{"@type":"BreadcrumbList","@id":"https:\/\/www.lifesuperhero.eu\/it\/edilians-sas\/#breadcrumb","itemListElement":[{"@type":"ListItem","position":1,"name":"Home","item":"https:\/\/www.lifesuperhero.eu\/it\/"},{"@type":"ListItem","position":2,"name":"Edilians SAS"}]},{"@type":"WebSite","@id":"https:\/\/www.lifesuperhero.eu\/it\/#website","url":"https:\/\/www.lifesuperhero.eu\/it\/","name":"Life SuperHero","description":"SUstainability and PERformances for HEROTILE-based energy efficient roofs","potentialAction":[{"@type":"SearchAction","target":{"@type":"EntryPoint","urlTemplate":"https:\/\/www.lifesuperhero.eu\/it\/?s={search_term_string}"},"query-input":{"@type":"PropertyValueSpecification","valueRequired":true,"valueName":"search_term_string"}}],"inLanguage":"it-IT"}]}},"_links":{"self":[{"href":"https:\/\/www.lifesuperhero.eu\/it\/wp-json\/wp\/v2\/pages\/427","targetHints":{"allow":["GET"]}}],"collection":[{"href":"https:\/\/www.lifesuperhero.eu\/it\/wp-json\/wp\/v2\/pages"}],"about":[{"href":"https:\/\/www.lifesuperhero.eu\/it\/wp-json\/wp\/v2\/types\/page"}],"author":[{"embeddable":true,"href":"https:\/\/www.lifesuperhero.eu\/it\/wp-json\/wp\/v2\/users\/2"}],"replies":[{"embeddable":true,"href":"https:\/\/www.lifesuperhero.eu\/it\/wp-json\/wp\/v2\/comments?post=427"}],"version-history":[{"count":3,"href":"https:\/\/www.lifesuperhero.eu\/it\/wp-json\/wp\/v2\/pages\/427\/revisions"}],"predecessor-version":[{"id":430,"href":"https:\/\/www.lifesuperhero.eu\/it\/wp-json\/wp\/v2\/pages\/427\/revisions\/430"}],"wp:attachment":[{"href":"https:\/\/www.lifesuperhero.eu\/it\/wp-json\/wp\/v2\/media?parent=427"}],"curies":[{"name":"wp","href":"https:\/\/api.w.org\/{rel}","templated":true}]}}